{"id":1215,"date":"2023-08-24T16:53:14","date_gmt":"2023-08-24T14:53:14","guid":{"rendered":"https:\/\/eyasdanceproject.com\/artists\/angela-chavero\/"},"modified":"2023-12-18T10:50:09","modified_gmt":"2023-12-18T09:50:09","slug":"angela-chavero","status":"publish","type":"page","link":"https:\/\/eyasdanceproject.com\/en\/artists\/angela-chavero\/","title":{"rendered":"\u00c1ngela Chavero"},"content":{"rendered":"<p>[et_pb_section fb_built=&#8221;1&#8243; _builder_version=&#8221;4.22.0&#8243; _module_preset=&#8221;default&#8221; background_color=&#8221;#000000&#8243; custom_padding=&#8221;53px||53px||true|&#8221; top_divider_height_tablet=&#8221;&#8221; top_divider_height_phone=&#8221;103px&#8221; top_divider_height_last_edited=&#8221;on|phone&#8221; global_colors_info=&#8221;{}&#8221;][et_pb_row _builder_version=&#8221;4.22.0&#8243; _module_preset=&#8221;default&#8221; background_color=&#8221;#e6e6e6&#8243; width=&#8221;55%&#8221; width_tablet=&#8221;80%&#8221; width_phone=&#8221;90%&#8221; width_last_edited=&#8221;on|phone&#8221; max_width=&#8221;900px&#8221; custom_margin=&#8221;|auto|0px|auto|false|false&#8221; custom_padding=&#8221;13px||5px||false|false&#8221; global_colors_info=&#8221;{}&#8221;][et_pb_column type=&#8221;4_4&#8243; _builder_version=&#8221;4.22.0&#8243; _module_preset=&#8221;default&#8221; global_colors_info=&#8221;{}&#8221;][et_pb_icon font_icon=&#8221;&#x4a;||divi||400&#8243; icon_width=&#8221;30px&#8221; url=&#8221;@ET-DC@eyJkeW5hbWljIjp0cnVlLCJjb250ZW50IjoicG9zdF9saW5rX3VybF9wYWdlIiwic2V0dGluZ3MiOnsicG9zdF9pZCI6IjUyMSJ9fQ==@&#8221; align=&#8221;right&#8221; _builder_version=&#8221;4.22.0&#8243; _dynamic_attributes=&#8221;url&#8221; _module_preset=&#8221;default&#8221; custom_margin=&#8221;|20px||20px|false|true&#8221; global_colors_info=&#8221;{}&#8221;][\/et_pb_icon][\/et_pb_column][\/et_pb_row][et_pb_row column_structure=&#8221;1_4,3_4&#8243; _builder_version=&#8221;4.22.0&#8243; _module_preset=&#8221;default&#8221; background_color=&#8221;#e6e6e6&#8243; width=&#8221;55%&#8221; width_tablet=&#8221;80%&#8221; width_phone=&#8221;90%&#8221; width_last_edited=&#8221;on|phone&#8221; max_width=&#8221;900px&#8221; custom_padding=&#8221;13px||6px||false|&#8221; border_width_all=&#8221;40px&#8221; border_color_all=&#8221;RGBA(255,255,255,0)&#8221; border_width_top=&#8221;40px&#8221; border_width_bottom=&#8221;20px&#8221; border_width_all_tablet=&#8221;40px&#8221; border_width_all_phone=&#8221;24px&#8221; border_width_all_last_edited=&#8221;on|phone&#8221; global_colors_info=&#8221;{}&#8221;][et_pb_column type=&#8221;1_4&#8243; _builder_version=&#8221;4.22.0&#8243; _module_preset=&#8221;default&#8221; background_enable_color=&#8221;off&#8221; background_enable_image=&#8221;off&#8221; background_blend=&#8221;exclusion&#8221; animation_style=&#8221;slide&#8221; animation_direction=&#8221;left&#8221; animation_intensity_slide=&#8221;25%&#8221; global_colors_info=&#8221;{}&#8221;][et_pb_image src=&#8221;https:\/\/eyasdanceproject.com\/wp-content\/uploads\/2023\/08\/Angela.jpg&#8221; title_text=&#8221;Angela&#8221; align=&#8221;center&#8221; _builder_version=&#8221;4.23.1&#8243; _module_preset=&#8221;default&#8221; custom_margin=&#8221;||17px|||&#8221; filter_saturate=&#8221;0%&#8221; filter_brightness=&#8221;112%&#8221; filter_contrast=&#8221;131%&#8221; global_colors_info=&#8221;{}&#8221;][\/et_pb_image][et_pb_text _builder_version=&#8221;4.23.1&#8243; _module_preset=&#8221;default&#8221; text_font=&#8221;futura light bt||||||||&#8221; text_text_color=&#8221;#000000&#8243; text_line_height=&#8221;1.1em&#8221; header_2_font=&#8221;futura light bt|100|||||||&#8221; header_2_text_color=&#8221;#FFFFFF&#8221; header_2_font_size=&#8221;20px&#8221; text_orientation=&#8221;center&#8221; global_colors_info=&#8221;{}&#8221;]She\/Her[\/et_pb_text][\/et_pb_column][et_pb_column type=&#8221;3_4&#8243; _builder_version=&#8221;4.22.0&#8243; _module_preset=&#8221;default&#8221; animation_style=&#8221;slide&#8221; animation_direction=&#8221;top&#8221; animation_delay=&#8221;800ms&#8221; animation_intensity_slide=&#8221;25%&#8221; global_colors_info=&#8221;{}&#8221;][et_pb_text _builder_version=&#8221;4.22.0&#8243; _module_preset=&#8221;default&#8221; text_font=&#8221;futura medium|700|||||||&#8221; text_text_color=&#8221;#FFFFFF&#8221; text_font_size=&#8221;70px&#8221; header_font=&#8221;||||||||&#8221; header_text_color=&#8221;#000000&#8243; header_font_size=&#8221;38px&#8221; custom_margin=&#8221;||0px||false|false&#8221; global_colors_info=&#8221;{}&#8221;]<\/p>\n<h1><span>\u00c1ngela Chavero<\/span><\/h1>\n<p>[\/et_pb_text][et_pb_text _builder_version=&#8221;4.23.1&#8243; _module_preset=&#8221;default&#8221; text_font=&#8221;futura medium|700|||||||&#8221; text_text_color=&#8221;#FFFFFF&#8221; text_font_size=&#8221;70px&#8221; header_font=&#8221;||||||||&#8221; header_text_color=&#8221;#000000&#8243; header_font_size=&#8221;38px&#8221; custom_margin=&#8221;||21px||false|false&#8221; global_colors_info=&#8221;{}&#8221;]<\/p>\n<h2>Dancer<\/h2>\n<p>[\/et_pb_text][et_pb_text _builder_version=&#8221;4.23.1&#8243; _module_preset=&#8221;default&#8221; text_font=&#8221;futura light bt||||||||&#8221; text_text_color=&#8221;#000000&#8243; text_line_height=&#8221;1.1em&#8221; header_2_font=&#8221;futura light bt|100|||||||&#8221; header_2_text_color=&#8221;#FFFFFF&#8221; header_2_font_size=&#8221;20px&#8221; hover_enabled=&#8221;0&#8243; global_colors_info=&#8221;{}&#8221; sticky_enabled=&#8221;0&#8243;]<\/p>\n<p>\u00c1ngela was born in Madrid in 1991. In 2003 she began her studies at the Escuela Mayor de Danza in classical, contemporary and Spanish dance. She worked in the premiere of \u2019\u2018El Trovador\u2019\u2019 choreographed by V\u00edctor Jim\u00e9nez and in the premiere of the Teatros del Canal choreography by Chevi Muraday. Later she graduated in Classical Dance at the RCPD Mariemma in 2012. In 2013 she joined the cast of the Jove Companyia Gerard Collins, based in Valencia, where she got closer to contemporary dance and performed works by choreographers such as Gustavo Ram\u00edrez Sansano, Sebasti\u00e1n Rowinsky, Iv\u00e1n P\u00e9rez, Kike Guerrero and Mamen and Carmela Garc\u00eda. While completing her studies in contemporary dance at the RCPD Mariemma, she was a member of the Larrea Company where she worked with choreographers such as Pedro Berday\u00ebs, Sharon Fridman, Sonia Rodr\u00edguez and Jos\u00e9 Reches. Upon graduating in Contemporary Dance from the conservatory in 2015, she received the Honor Award.<\/p>\n<p>In search of new techniques and improvement, she has continued her training by participating in national and international workshops where she has worked with the body from very different perspectives and languages. Among them include Susanne Linke, Maria Kolegova, Leif Firnhaber Pinos, Anton Lachky, Peter Jasko, Leonardo Centi, Allyson Way Wanselius, Samuel Lefeuvre, Daniel Abreu, Luz Arcas. She began Tai Chi technique classes with Jose Wu-chi and has participated on several occasions in gaga workshops with Yaniv Abraham, Shani Garfinkel, Ariadna Montfort, Wies Van Houplines and Catherine Coury.<\/p>\n<p>\u00c1ngela has worked as a dancer with Dani Pannullo Dancetheatre Co., Marcat Dance, Carla Diego Company, HURyCAN, EYAS Dance Project, ELAMOR, Antonio Ruz Company and in the show &#8216;Carmina Burana&#8217; by La Fura Del Baus with the C\u00eda. El\u00edas Aguirre.<\/p>\n<p>[\/et_pb_text][\/et_pb_column][\/et_pb_row][et_pb_row _builder_version=&#8221;4.22.0&#8243; _module_preset=&#8221;default&#8221; background_color=&#8221;#e6e6e6&#8243; width=&#8221;55%&#8221; width_tablet=&#8221;80%&#8221; width_phone=&#8221;90%&#8221; width_last_edited=&#8221;on|phone&#8221; max_width=&#8221;900px&#8221; custom_padding=&#8221;0px||0px||false|false&#8221; border_width_all=&#8221;33px&#8221; border_color_all=&#8221;RGBA(255,255,255,0)&#8221; border_width_top=&#8221;0px&#8221; border_width_bottom=&#8221;40px&#8221; global_colors_info=&#8221;{}&#8221;][et_pb_column type=&#8221;4_4&#8243; _builder_version=&#8221;4.22.0&#8243; _module_preset=&#8221;default&#8221; background_enable_color=&#8221;off&#8221; background_enable_image=&#8221;off&#8221; background_blend=&#8221;exclusion&#8221; animation_style=&#8221;fade&#8221; animation_duration=&#8221;1650ms&#8221; global_colors_info=&#8221;{}&#8221;][et_pb_button button_url=&#8221;@ET-DC@eyJkeW5hbWljIjp0cnVlLCJjb250ZW50IjoicG9zdF9saW5rX3VybF9wYWdlIiwic2V0dGluZ3MiOnsicG9zdF9pZCI6IjUyMSJ9fQ==@&#8221; button_text=&#8221;back to artists&#8221; button_alignment=&#8221;center&#8221; _builder_version=&#8221;4.23.1&#8243; _dynamic_attributes=&#8221;button_url&#8221; _module_preset=&#8221;default&#8221; custom_button=&#8221;on&#8221; button_text_size=&#8221;14px&#8221; button_text_color=&#8221;#FFFFFF&#8221; button_bg_color=&#8221;#000000&#8243; button_border_width=&#8221;4px&#8221; button_border_color=&#8221;RGBA(255,255,255,0)&#8221; button_border_radius=&#8221;0px&#8221; button_letter_spacing=&#8221;2px&#8221; button_font=&#8221;futura medium|||on|||||&#8221; button_icon=&#8221;&#x24;||divi||400&#8243; global_colors_info=&#8221;{}&#8221;][\/et_pb_button][\/et_pb_column][\/et_pb_row][\/et_pb_section]<\/p>\n","protected":false},"excerpt":{"rendered":"<p>She\/Her\u00c1ngela ChaveroDancer\u00c1ngela was born in Madrid in 1991. In 2003 she began her studies at the Escuela Mayor de Danza in classical, contemporary and Spanish dance. She worked in the premiere of \u2019\u2018El Trovador\u2019\u2019 choreographed by V\u00edctor Jim\u00e9nez and in the premiere of the Teatros del Canal choreography by Chevi Muraday. Later she graduated in [&hellip;]<\/p>\n","protected":false},"author":1,"featured_media":0,"parent":1179,"menu_order":0,"comment_status":"closed","ping_status":"closed","template":"","meta":{"_acf_changed":false,"_et_pb_use_builder":"on","_et_pb_old_content":"","_et_gb_content_width":"","footnotes":""},"class_list":["post-1215","page","type-page","status-publish","hentry"],"acf":[],"_links":{"self":[{"href":"https:\/\/eyasdanceproject.com\/en\/wp-json\/wp\/v2\/pages\/1215","targetHints":{"allow":["GET"]}}],"collection":[{"href":"https:\/\/eyasdanceproject.com\/en\/wp-json\/wp\/v2\/pages"}],"about":[{"href":"https:\/\/eyasdanceproject.com\/en\/wp-json\/wp\/v2\/types\/page"}],"author":[{"embeddable":true,"href":"https:\/\/eyasdanceproject.com\/en\/wp-json\/wp\/v2\/users\/1"}],"replies":[{"embeddable":true,"href":"https:\/\/eyasdanceproject.com\/en\/wp-json\/wp\/v2\/comments?post=1215"}],"version-history":[{"count":3,"href":"https:\/\/eyasdanceproject.com\/en\/wp-json\/wp\/v2\/pages\/1215\/revisions"}],"predecessor-version":[{"id":1218,"href":"https:\/\/eyasdanceproject.com\/en\/wp-json\/wp\/v2\/pages\/1215\/revisions\/1218"}],"up":[{"embeddable":true,"href":"https:\/\/eyasdanceproject.com\/en\/wp-json\/wp\/v2\/pages\/1179"}],"wp:attachment":[{"href":"https:\/\/eyasdanceproject.com\/en\/wp-json\/wp\/v2\/media?parent=1215"}],"curies":[{"name":"wp","href":"https:\/\/api.w.org\/{rel}","templated":true}]}}