{"id":1202,"date":"2023-08-24T13:42:35","date_gmt":"2023-08-24T11:42:35","guid":{"rendered":"https:\/\/eyasdanceproject.com\/artists\/seth-buckley\/"},"modified":"2026-02-20T19:58:09","modified_gmt":"2026-02-20T18:58:09","slug":"seth-buckley","status":"publish","type":"page","link":"https:\/\/eyasdanceproject.com\/en\/seth-buckley\/","title":{"rendered":"Seth Buckley"},"content":{"rendered":"<p>[et_pb_section fb_built=&#8221;1&#8243; _builder_version=&#8221;4.23.1&#8243; _module_preset=&#8221;default&#8221; background_color=&#8221;#000000&#8243; custom_padding=&#8221;53px||53px||true|&#8221; top_divider_height_tablet=&#8221;&#8221; top_divider_height_phone=&#8221;103px&#8221; top_divider_height_last_edited=&#8221;on|phone&#8221; global_colors_info=&#8221;{}&#8221;][et_pb_row _builder_version=&#8221;4.22.0&#8243; _module_preset=&#8221;default&#8221; background_color=&#8221;#e6e6e6&#8243; width=&#8221;55%&#8221; width_tablet=&#8221;80%&#8221; width_phone=&#8221;90%&#8221; width_last_edited=&#8221;on|phone&#8221; max_width=&#8221;900px&#8221; custom_margin=&#8221;|auto|-3px|auto||&#8221; custom_padding=&#8221;13px||5px||false|false&#8221; global_colors_info=&#8221;{}&#8221;][et_pb_column type=&#8221;4_4&#8243; _builder_version=&#8221;4.22.0&#8243; _module_preset=&#8221;default&#8221; global_colors_info=&#8221;{}&#8221;][et_pb_icon font_icon=&#8221;&#x4a;||divi||400&#8243; icon_width=&#8221;30px&#8221; url=&#8221;@ET-DC@eyJkeW5hbWljIjp0cnVlLCJjb250ZW50IjoicG9zdF9saW5rX3VybF9wYWdlIiwic2V0dGluZ3MiOnsicG9zdF9pZCI6IjUyMSJ9fQ==@&#8221; align=&#8221;right&#8221; _builder_version=&#8221;4.22.0&#8243; _dynamic_attributes=&#8221;url&#8221; _module_preset=&#8221;default&#8221; custom_margin=&#8221;|20px||20px|false|true&#8221; global_colors_info=&#8221;{}&#8221;][\/et_pb_icon][\/et_pb_column][\/et_pb_row][et_pb_row column_structure=&#8221;1_4,3_4&#8243; _builder_version=&#8221;4.23.1&#8243; _module_preset=&#8221;default&#8221; background_color=&#8221;#e6e6e6&#8243; width=&#8221;55%&#8221; width_tablet=&#8221;80%&#8221; width_phone=&#8221;90%&#8221; width_last_edited=&#8221;on|phone&#8221; max_width=&#8221;900px&#8221; custom_padding=&#8221;13px||6px||false|&#8221; border_width_all=&#8221;40px&#8221; border_color_all=&#8221;RGBA(255,255,255,0)&#8221; border_width_top=&#8221;40px&#8221; border_width_bottom=&#8221;20px&#8221; border_width_all_tablet=&#8221;40px&#8221; border_width_all_phone=&#8221;24px&#8221; border_width_all_last_edited=&#8221;on|phone&#8221; global_colors_info=&#8221;{}&#8221;][et_pb_column type=&#8221;1_4&#8243; _builder_version=&#8221;4.23.1&#8243; _module_preset=&#8221;default&#8221; background_enable_color=&#8221;off&#8221; background_enable_image=&#8221;off&#8221; background_blend=&#8221;exclusion&#8221; animation_style=&#8221;slide&#8221; animation_direction=&#8221;left&#8221; animation_intensity_slide=&#8221;25%&#8221; global_colors_info=&#8221;{}&#8221;][et_pb_image src=&#8221;https:\/\/eyasdanceproject.com\/wp-content\/uploads\/2023\/12\/Seth-Buckley-FICHA-INDIVIDUAL.jpg&#8221; title_text=&#8221;Seth Buckley (FICHA INDIVIDUAL).&#8221; align=&#8221;center&#8221; _builder_version=&#8221;4.23.1&#8243; _module_preset=&#8221;default&#8221; custom_margin=&#8221;||13px|||&#8221; filter_saturate=&#8221;0%&#8221; filter_contrast=&#8221;126%&#8221; global_colors_info=&#8221;{}&#8221;][\/et_pb_image][et_pb_text _builder_version=&#8221;4.23.1&#8243; _module_preset=&#8221;default&#8221; text_font=&#8221;futura light bt||||||||&#8221; text_text_color=&#8221;#000000&#8243; text_line_height=&#8221;1.1em&#8221; header_2_font=&#8221;futura light bt|100|||||||&#8221; header_2_text_color=&#8221;#FFFFFF&#8221; header_2_font_size=&#8221;20px&#8221; text_orientation=&#8221;center&#8221; global_colors_info=&#8221;{}&#8221;]He\/Him[\/et_pb_text][\/et_pb_column][et_pb_column type=&#8221;3_4&#8243; _builder_version=&#8221;4.22.0&#8243; _module_preset=&#8221;default&#8221; animation_style=&#8221;slide&#8221; animation_direction=&#8221;top&#8221; animation_delay=&#8221;800ms&#8221; animation_intensity_slide=&#8221;25%&#8221; global_colors_info=&#8221;{}&#8221;][et_pb_text _builder_version=&#8221;4.22.0&#8243; _module_preset=&#8221;default&#8221; text_font=&#8221;futura medium|700|||||||&#8221; text_text_color=&#8221;#FFFFFF&#8221; text_font_size=&#8221;70px&#8221; header_font=&#8221;||||||||&#8221; header_text_color=&#8221;#000000&#8243; header_font_size=&#8221;38px&#8221; custom_margin=&#8221;||0px||false|false&#8221; global_colors_info=&#8221;{}&#8221;]<\/p>\n<h1>Seth <span>Buckley<\/span><\/h1>\n<p>[\/et_pb_text][et_pb_text _builder_version=&#8221;4.27.4&#8243; _module_preset=&#8221;default&#8221; text_font=&#8221;futura medium|700|||||||&#8221; text_text_color=&#8221;#FFFFFF&#8221; text_font_size=&#8221;70px&#8221; header_font=&#8221;||||||||&#8221; header_text_color=&#8221;#000000&#8243; header_font_size=&#8221;38px&#8221; custom_margin=&#8221;||21px||false|false&#8221; global_colors_info=&#8221;{}&#8221;]<\/p>\n<h2>Choreographer | Dancer<\/h2>\n<p>[\/et_pb_text][et_pb_text _builder_version=&#8221;4.23.1&#8243; _module_preset=&#8221;default&#8221; text_font=&#8221;futura light bt||||||||&#8221; text_text_color=&#8221;#000000&#8243; text_line_height=&#8221;1.1em&#8221; header_2_font=&#8221;futura light bt|100|||||||&#8221; header_2_text_color=&#8221;#FFFFFF&#8221; header_2_font_size=&#8221;20px&#8221; global_colors_info=&#8221;{}&#8221;]<\/p>\n<p>Seth Buckley, born in Canada, trained in classical ballet until he graduated from the Royal Winnipeg Ballet School&#8217;s professional division. He then studied one more year as a guest student in Dresden (Germany), at the Palucca Hochschule f\u00fcr Tanz and has since danced with The Guests Company Yuval Pick, in Lyon (France) and with The Saarl\u00e4ndisches Staatstheater, under the direction of Stijn Celis, in Saarbr\u00fccken (Germany).<\/p>\n<p>In 2015, Seth joined the Gerhart Hauptmann Theater G\u00f6rlitz-Zittau \/ weedancecompany (Germany), under the direction of Marko E. Weigert and Dan Pelleg, where he danced for 3 seasons. In 2018, Seth moved to Spain where he has worked with choreographers such as Mario Berm\u00fadez (Marcat Dance), Gustavo Ram\u00edrez Sansano, Judith Argomaniz (LASALA) and Asun Noales (Otradanza).<\/p>\n<p>\u200b\u200b\u200bSeth is a founding member and was co-artistic director of EYAS Dance Project from 2018 &#8211; 2025. In March 2019, he was awarded second prize at the 23rd Internationales Solo Tanz Theater Festival Stuttgart, with the piece On\u00edrico. That same year, On\u00edrico was a finalist at the Choreographic Competition MASDANZA and at the Tetu\u00e1n District Choreographic Competition. In 2022 he was nominated in the category for &#8216;best male dancer&#8217;, for his performance in On\u00edrico, at the 2022 Valencian Performing Arts Awards.<\/p>\n<p>[\/et_pb_text][\/et_pb_column][\/et_pb_row][et_pb_row _builder_version=&#8221;4.22.0&#8243; _module_preset=&#8221;default&#8221; background_color=&#8221;#e6e6e6&#8243; width=&#8221;55%&#8221; width_tablet=&#8221;80%&#8221; width_phone=&#8221;90%&#8221; width_last_edited=&#8221;on|phone&#8221; max_width=&#8221;900px&#8221; custom_padding=&#8221;0px||0px||false|false&#8221; border_width_all=&#8221;33px&#8221; border_color_all=&#8221;RGBA(255,255,255,0)&#8221; border_width_top=&#8221;0px&#8221; border_width_bottom=&#8221;40px&#8221; global_colors_info=&#8221;{}&#8221;][et_pb_column type=&#8221;4_4&#8243; _builder_version=&#8221;4.22.0&#8243; _module_preset=&#8221;default&#8221; background_enable_color=&#8221;off&#8221; background_enable_image=&#8221;off&#8221; background_blend=&#8221;exclusion&#8221; animation_style=&#8221;fade&#8221; animation_duration=&#8221;1650ms&#8221; global_colors_info=&#8221;{}&#8221;][et_pb_social_media_follow _builder_version=&#8221;4.22.0&#8243; _module_preset=&#8221;default&#8221; text_orientation=&#8221;center&#8221; custom_margin=&#8221;||0px||false|false&#8221; custom_padding=&#8221;||0px|||&#8221; global_colors_info=&#8221;{}&#8221;][et_pb_social_media_follow_network social_network=&#8221;instagram&#8221; url=&#8221;https:\/\/www.instagram.com\/seth_buckley\/&#8221; icon_color=&#8221;#000000&#8243; use_icon_font_size=&#8221;on&#8221; icon_font_size=&#8221;25px&#8221; _builder_version=&#8221;4.22.0&#8243; _module_preset=&#8221;default&#8221; background_enable_color=&#8221;off&#8221; global_colors_info=&#8221;{}&#8221; follow_button=&#8221;off&#8221; url_new_window=&#8221;on&#8221;]instagram[\/et_pb_social_media_follow_network][\/et_pb_social_media_follow][et_pb_button button_url=&#8221;@ET-DC@eyJkeW5hbWljIjp0cnVlLCJjb250ZW50IjoicG9zdF9saW5rX3VybF9wYWdlIiwic2V0dGluZ3MiOnsicG9zdF9pZCI6IjUyMSJ9fQ==@&#8221; button_text=&#8221;Back to artists&#8221; button_alignment=&#8221;center&#8221; _builder_version=&#8221;4.23.1&#8243; _dynamic_attributes=&#8221;button_url&#8221; _module_preset=&#8221;default&#8221; custom_button=&#8221;on&#8221; button_text_size=&#8221;14px&#8221; button_text_color=&#8221;#FFFFFF&#8221; button_bg_color=&#8221;#000000&#8243; button_border_width=&#8221;4px&#8221; button_border_color=&#8221;RGBA(255,255,255,0)&#8221; button_border_radius=&#8221;0px&#8221; button_letter_spacing=&#8221;2px&#8221; button_font=&#8221;futura medium|||on|||||&#8221; button_icon=&#8221;&#x24;||divi||400&#8243; global_colors_info=&#8221;{}&#8221;][\/et_pb_button][\/et_pb_column][\/et_pb_row][\/et_pb_section]<\/p>\n","protected":false},"excerpt":{"rendered":"<p>He\/HimSeth BuckleyChoreographer | DancerSeth Buckley, born in Canada, trained in classical ballet until he graduated from the Royal Winnipeg Ballet School&#8217;s professional division. He then studied one more year as a guest student in Dresden (Germany), at the Palucca Hochschule f\u00fcr Tanz and has since danced with The Guests Company Yuval Pick, in Lyon (France) [&hellip;]<\/p>\n","protected":false},"author":1,"featured_media":0,"parent":0,"menu_order":0,"comment_status":"closed","ping_status":"closed","template":"","meta":{"_acf_changed":false,"_et_pb_use_builder":"on","_et_pb_old_content":"","_et_gb_content_width":"","footnotes":""},"class_list":["post-1202","page","type-page","status-publish","hentry"],"acf":[],"_links":{"self":[{"href":"https:\/\/eyasdanceproject.com\/en\/wp-json\/wp\/v2\/pages\/1202","targetHints":{"allow":["GET"]}}],"collection":[{"href":"https:\/\/eyasdanceproject.com\/en\/wp-json\/wp\/v2\/pages"}],"about":[{"href":"https:\/\/eyasdanceproject.com\/en\/wp-json\/wp\/v2\/types\/page"}],"author":[{"embeddable":true,"href":"https:\/\/eyasdanceproject.com\/en\/wp-json\/wp\/v2\/users\/1"}],"replies":[{"embeddable":true,"href":"https:\/\/eyasdanceproject.com\/en\/wp-json\/wp\/v2\/comments?post=1202"}],"version-history":[{"count":7,"href":"https:\/\/eyasdanceproject.com\/en\/wp-json\/wp\/v2\/pages\/1202\/revisions"}],"predecessor-version":[{"id":4868,"href":"https:\/\/eyasdanceproject.com\/en\/wp-json\/wp\/v2\/pages\/1202\/revisions\/4868"}],"wp:attachment":[{"href":"https:\/\/eyasdanceproject.com\/en\/wp-json\/wp\/v2\/media?parent=1202"}],"curies":[{"name":"wp","href":"https:\/\/api.w.org\/{rel}","templated":true}]}}