{"id":1000,"date":"2023-08-18T13:03:06","date_gmt":"2023-08-18T11:03:06","guid":{"rendered":"https:\/\/eyasdanceproject.com\/?page_id=1000"},"modified":"2023-12-28T11:56:46","modified_gmt":"2023-12-28T10:56:46","slug":"legal-notice","status":"publish","type":"page","link":"https:\/\/eyasdanceproject.com\/en\/legal-notice\/","title":{"rendered":"Legal Notice"},"content":{"rendered":"<p>[et_pb_section fb_built=&#8221;1&#8243; _builder_version=&#8221;4.22.0&#8243; background_color=&#8221;#000000&#8243; global_colors_info=&#8221;{}&#8221;][et_pb_row _builder_version=&#8221;4.16&#8243; background_size=&#8221;initial&#8221; background_position=&#8221;top_left&#8221; background_repeat=&#8221;repeat&#8221; global_colors_info=&#8221;{}&#8221;][et_pb_column type=&#8221;4_4&#8243; _builder_version=&#8221;4.16&#8243; custom_padding=&#8221;|||&#8221; global_colors_info=&#8221;{}&#8221; custom_padding__hover=&#8221;|||&#8221;][et_pb_text _builder_version=&#8221;4.22.0&#8243; background_size=&#8221;initial&#8221; background_position=&#8221;top_left&#8221; background_repeat=&#8221;repeat&#8221; global_colors_info=&#8221;{}&#8221;]<\/p>\n<h1>Legal Notice<\/h1>\n<p>&nbsp;<\/p>\n<p>Carlos P\u00e9rez Gonz\u00e1lez, hereinafter EYAS DANCE PROJECT with NIF 29212901A cannot assume any responsibility for the incorrect, inappropriate or illegal use of the information appearing on the following website\u00a0<a class=\"wixui-rich-text__text\" href=\"http:\/\/www.eyasdanceproject.com\/\" target=\"_blank\" rel=\"noopener\" data-auto-recognition=\"true\">www.eyasdanceproject.com<\/a>\u00a0\u00a0<br class=\"wixui-rich-text__text\" \/>Within the limits established by law, EYAS DANCE PROJECT assumes no responsibility for the lack of veracity, integrity, updating and accuracy in data or information contained in their Internet sites.<\/p>\n<p>The contents and information do not bind EYAS DANCE PROJECT and do not imply opinions, advice or any kind of legal assessment, as it is merely a service offered for information.<br class=\"wixui-rich-text__text\" \/>EYAS DANCE PROJECT Internet website, may contain links to other third parties not under control by EYAS DANCE PROJECT. Therefore, EYAS DANCE PROJECT cannot take responsibility for the content that may appear on these pages.<\/p>\n<p>The text, images, sounds, animations, software and other content included in this website are the exclusive property of EYAS DANCE PROJECT or its licensors. Any transmission, distribution, transfer, reproduction, storage, total or partial public communication must have the express consent by EYAS DANCE PROJECT also, access some of the services offered through the website should provide some personal data.<br class=\"wixui-rich-text__text\" \/>In compliance with the provisions of Regulation (EU) 2016\/679 of the European Parliament and of the Council of 27 April 2016 on the protection of natural persons with regard to the processing of personal data and on the free movement of such data, and repealing Directive 95\/46\/EC (General Data Protection Regulation &#8211; GDPR), we inform you can fill in these forms, your personal data will be stored and processed by EYAS DANCE PROJECT for the offering and providing our services and informing improvements to the website.<br class=\"wixui-rich-text__text\" \/>Also advised you can exercise rights in access, rectification, cancellation, limitation, portability and opposition to your personal data, free via email to: eyasdanceproject@gmail.com<br \/>\n[\/et_pb_text][\/et_pb_column][\/et_pb_row][\/et_pb_section]<\/p>\n","protected":false},"excerpt":{"rendered":"<p>Legal Notice &nbsp; Carlos P\u00e9rez Gonz\u00e1lez, hereinafter EYAS DANCE PROJECT with NIF 29212901A cannot assume any responsibility for the incorrect, inappropriate or illegal use of the information appearing on the following website\u00a0www.eyasdanceproject.com\u00a0\u00a0Within the limits established by law, EYAS DANCE PROJECT assumes no responsibility for the lack of veracity, integrity, updating and accuracy in data or [&hellip;]<\/p>\n","protected":false},"author":1,"featured_media":0,"parent":0,"menu_order":0,"comment_status":"closed","ping_status":"closed","template":"","meta":{"_acf_changed":false,"_et_pb_use_builder":"on","_et_pb_old_content":"<p>En cumplimiento con el deber de informaci\u00f3n recogido en art\u00edculo 10 de la Ley 34\/2002, de 11 de julio, de Servicios de la Sociedad de la Informaci\u00f3n y del Comercio Electr\u00f3nico (LSSICE), el propietario de la web , le informa de lo siguiente:<\/p><ul><li>Denominaci\u00f3n social: Carlos P\u00e9rez Gonz\u00e1lez<\/li><li>NIF: 29212901A<\/li><li>Domicilio: C\/ Isaac Alb\u00e9niz, 21, 28240 - Hoyo De Manzanares (Madrid)<\/li><\/ul><p>Con los l\u00edmites establecidos en la ley, Carlos P\u00e9rez Gonz\u00e1lez no asume ninguna responsabilidad derivada de la falta de veracidad, integridad, actualizaci\u00f3n y precisi\u00f3n de los datos o informaciones que contienen sus p\u00e1ginas web.<\/p><p>Los contenidos e informaci\u00f3n no vinculan a Carlos P\u00e9rez Gonz\u00e1lez ni constituyen opiniones, consejos o asesoramiento legal de ning\u00fan tipo pues se trata meramente de un servicio ofrecido con car\u00e1cter informativo y divulgativo.<\/p><p>Las p\u00e1ginas de Internet de Carlos P\u00e9rez Gonz\u00e1lez pueden contener enlaces (links) a otras p\u00e1ginas de terceras partes que Carlos P\u00e9rez Gonz\u00e1lez no puede controlar. Por lo tanto, Carlos P\u00e9rez Gonz\u00e1lez no puede asumir responsabilidades por el contenido que pueda aparecer en p\u00e1ginas de terceros.<\/p><p>Los textos, im\u00e1genes, sonidos, animaciones, software y el resto de contenidos incluidos en este website son propiedad exclusiva de Carlos P\u00e9rez Gonz\u00e1lez o sus licenciantes. Cualquier acto de transmisi\u00f3n, distribuci\u00f3n, cesi\u00f3n, reproducci\u00f3n, almacenamiento o comunicaci\u00f3n p\u00fablica total o parcial, deber\u00e1 contar con el consentimiento expreso de Carlos P\u00e9rez Gonz\u00e1lez.<\/p><p>Asimismo, para acceder a algunos de los servicios que Carlos P\u00e9rez Gonz\u00e1lez ofrece a trav\u00e9s del sitio web, deber\u00e1 proporcionar algunos datos de car\u00e1cter personal. En cumplimiento de lo establecido en el Reglamento (UE) 2016\/679 del Parlamento Europeo y del Consejo, de 27 de abril de 2016, relativo a la protecci\u00f3n de las personas f\u00edsicas en lo que respecta al tratamiento de datos personales y a la libre circulaci\u00f3n de estos datos le informamos que, mediante la cumplimentaci\u00f3n de los presentes formularios, sus datos personales quedar\u00e1n incorporados y ser\u00e1n tratados en los ficheros de Carlos P\u00e9rez Gonz\u00e1lez con el fin de poderle prestar y ofrecer nuestros servicios as\u00ed como para informarle de las mejoras del sitio Web.<\/p><p>Le informamos tambi\u00e9n de que tendr\u00e1 la posibilidad en todo momento de ejercer los derechos de acceso, rectificaci\u00f3n, cancelaci\u00f3n, oposici\u00f3n, limitaci\u00f3n y portabilidad de sus datos de car\u00e1cter personal, de manera gratuita mediante email a: <a href=\"mailto:eyasdanceproject@gmail.com\">eyasdanceproject@gmail.com<\/a> o en la direcci\u00f3n: C\/ Isaac Alb\u00e9niz, 21, 28240 - Hoyo De Manzanares (Madrid).<\/p>","_et_gb_content_width":"","footnotes":""},"class_list":["post-1000","page","type-page","status-publish","hentry"],"acf":[],"_links":{"self":[{"href":"https:\/\/eyasdanceproject.com\/en\/wp-json\/wp\/v2\/pages\/1000","targetHints":{"allow":["GET"]}}],"collection":[{"href":"https:\/\/eyasdanceproject.com\/en\/wp-json\/wp\/v2\/pages"}],"about":[{"href":"https:\/\/eyasdanceproject.com\/en\/wp-json\/wp\/v2\/types\/page"}],"author":[{"embeddable":true,"href":"https:\/\/eyasdanceproject.com\/en\/wp-json\/wp\/v2\/users\/1"}],"replies":[{"embeddable":true,"href":"https:\/\/eyasdanceproject.com\/en\/wp-json\/wp\/v2\/comments?post=1000"}],"version-history":[{"count":5,"href":"https:\/\/eyasdanceproject.com\/en\/wp-json\/wp\/v2\/pages\/1000\/revisions"}],"predecessor-version":[{"id":2068,"href":"https:\/\/eyasdanceproject.com\/en\/wp-json\/wp\/v2\/pages\/1000\/revisions\/2068"}],"wp:attachment":[{"href":"https:\/\/eyasdanceproject.com\/en\/wp-json\/wp\/v2\/media?parent=1000"}],"curies":[{"name":"wp","href":"https:\/\/api.w.org\/{rel}","templated":true}]}}